{"id":148,"date":"2016-08-23T11:48:54","date_gmt":"2016-08-23T09:48:54","guid":{"rendered":"http:\/\/etre-tsou.frenchtaiwanstudies.org\/home\/"},"modified":"2022-02-02T18:26:49","modified_gmt":"2022-02-02T17:26:49","slug":"home","status":"publish","type":"page","link":"http:\/\/etre-tsou.frenchtaiwanstudies.org\/en\/","title":{"rendered":"Home"},"content":{"rendered":"","protected":false},"excerpt":{"rendered":"","protected":false},"author":1,"featured_media":0,"parent":0,"menu_order":0,"comment_status":"closed","ping_status":"open","template":"","meta":[],"yoast_head":"<!-- This site is optimized with the Yoast SEO plugin v18.0 - https:\/\/yoast.com\/wordpress\/plugins\/seo\/ -->\n<title>Home - \u00catre Tsou<\/title>\n<meta name=\"description\" content=\"Modernity and tradition within Taiwan&#039;s indigenous communities: Being Tsou, a film screening and photo exhibition.\" \/>\n<meta name=\"robots\" content=\"index, follow, max-snippet:-1, max-image-preview:large, max-video-preview:-1\" \/>\n<link rel=\"canonical\" href=\"http:\/\/etre-tsou.frenchtaiwanstudies.org\/en\/\" \/>\n<meta property=\"og:locale\" content=\"en_US\" \/>\n<meta property=\"og:type\" content=\"article\" \/>\n<meta property=\"og:title\" content=\"Home - \u00catre Tsou\" \/>\n<meta property=\"og:description\" content=\"Modernity and tradition within Taiwan&#039;s indigenous communities: Being Tsou, a film screening and photo exhibition.\" \/>\n<meta property=\"og:url\" content=\"http:\/\/etre-tsou.frenchtaiwanstudies.org\/en\/\" \/>\n<meta property=\"og:site_name\" content=\"\u00catre Tsou\" \/>\n<meta property=\"article:modified_time\" content=\"2022-02-02T17:26:49+00:00\" \/>\n<meta name=\"twitter:card\" content=\"summary_large_image\" \/>\n<script type=\"application\/ld+json\" class=\"yoast-schema-graph\">{\"@context\":\"https:\/\/schema.org\",\"@graph\":[{\"@type\":\"WebSite\",\"@id\":\"https:\/\/etre-tsou.frenchtaiwanstudies.org\/en\/#website\",\"url\":\"https:\/\/etre-tsou.frenchtaiwanstudies.org\/en\/\",\"name\":\"\u00catre Tsou\",\"description\":\"Modernit\u00e9 et tradition dans les communaut\u00e9s autochtones de Ta\u00efwan\",\"potentialAction\":[{\"@type\":\"SearchAction\",\"target\":{\"@type\":\"EntryPoint\",\"urlTemplate\":\"https:\/\/etre-tsou.frenchtaiwanstudies.org\/en\/?s={search_term_string}\"},\"query-input\":\"required name=search_term_string\"}],\"inLanguage\":\"en-US\"},{\"@type\":\"WebPage\",\"@id\":\"http:\/\/etre-tsou.frenchtaiwanstudies.org\/en\/#webpage\",\"url\":\"http:\/\/etre-tsou.frenchtaiwanstudies.org\/en\/\",\"name\":\"Home - \u00catre Tsou\",\"isPartOf\":{\"@id\":\"https:\/\/etre-tsou.frenchtaiwanstudies.org\/en\/#website\"},\"datePublished\":\"2016-08-23T09:48:54+00:00\",\"dateModified\":\"2022-02-02T17:26:49+00:00\",\"description\":\"Modernity and tradition within Taiwan's indigenous communities: Being Tsou, a film screening and photo exhibition.\",\"breadcrumb\":{\"@id\":\"http:\/\/etre-tsou.frenchtaiwanstudies.org\/en\/#breadcrumb\"},\"inLanguage\":\"en-US\",\"potentialAction\":[{\"@type\":\"ReadAction\",\"target\":[\"http:\/\/etre-tsou.frenchtaiwanstudies.org\/en\/\"]}]},{\"@type\":\"BreadcrumbList\",\"@id\":\"http:\/\/etre-tsou.frenchtaiwanstudies.org\/en\/#breadcrumb\",\"itemListElement\":[{\"@type\":\"ListItem\",\"position\":1,\"name\":\"Home\",\"item\":\"https:\/\/etre-tsou.frenchtaiwanstudies.org\/en\/\"},{\"@type\":\"ListItem\",\"position\":2,\"name\":\"Home\"}]}]}<\/script>\n<!-- \/ Yoast SEO plugin. -->","yoast_head_json":{"title":"Home - \u00catre Tsou","description":"Modernity and tradition within Taiwan's indigenous communities: Being Tsou, a film screening and photo exhibition.","robots":{"index":"index","follow":"follow","max-snippet":"max-snippet:-1","max-image-preview":"max-image-preview:large","max-video-preview":"max-video-preview:-1"},"canonical":"http:\/\/etre-tsou.frenchtaiwanstudies.org\/en\/","og_locale":"en_US","og_type":"article","og_title":"Home - \u00catre Tsou","og_description":"Modernity and tradition within Taiwan's indigenous communities: Being Tsou, a film screening and photo exhibition.","og_url":"http:\/\/etre-tsou.frenchtaiwanstudies.org\/en\/","og_site_name":"\u00catre Tsou","article_modified_time":"2022-02-02T17:26:49+00:00","twitter_card":"summary_large_image","schema":{"@context":"https:\/\/schema.org","@graph":[{"@type":"WebSite","@id":"https:\/\/etre-tsou.frenchtaiwanstudies.org\/en\/#website","url":"https:\/\/etre-tsou.frenchtaiwanstudies.org\/en\/","name":"\u00catre Tsou","description":"Modernit\u00e9 et tradition dans les communaut\u00e9s autochtones de Ta\u00efwan","potentialAction":[{"@type":"SearchAction","target":{"@type":"EntryPoint","urlTemplate":"https:\/\/etre-tsou.frenchtaiwanstudies.org\/en\/?s={search_term_string}"},"query-input":"required name=search_term_string"}],"inLanguage":"en-US"},{"@type":"WebPage","@id":"http:\/\/etre-tsou.frenchtaiwanstudies.org\/en\/#webpage","url":"http:\/\/etre-tsou.frenchtaiwanstudies.org\/en\/","name":"Home - \u00catre Tsou","isPartOf":{"@id":"https:\/\/etre-tsou.frenchtaiwanstudies.org\/en\/#website"},"datePublished":"2016-08-23T09:48:54+00:00","dateModified":"2022-02-02T17:26:49+00:00","description":"Modernity and tradition within Taiwan's indigenous communities: Being Tsou, a film screening and photo exhibition.","breadcrumb":{"@id":"http:\/\/etre-tsou.frenchtaiwanstudies.org\/en\/#breadcrumb"},"inLanguage":"en-US","potentialAction":[{"@type":"ReadAction","target":["http:\/\/etre-tsou.frenchtaiwanstudies.org\/en\/"]}]},{"@type":"BreadcrumbList","@id":"http:\/\/etre-tsou.frenchtaiwanstudies.org\/en\/#breadcrumb","itemListElement":[{"@type":"ListItem","position":1,"name":"Home","item":"https:\/\/etre-tsou.frenchtaiwanstudies.org\/en\/"},{"@type":"ListItem","position":2,"name":"Home"}]}]}},"_links":{"self":[{"href":"http:\/\/etre-tsou.frenchtaiwanstudies.org\/en\/wp-json\/wp\/v2\/pages\/148"}],"collection":[{"href":"http:\/\/etre-tsou.frenchtaiwanstudies.org\/en\/wp-json\/wp\/v2\/pages"}],"about":[{"href":"http:\/\/etre-tsou.frenchtaiwanstudies.org\/en\/wp-json\/wp\/v2\/types\/page"}],"author":[{"embeddable":true,"href":"http:\/\/etre-tsou.frenchtaiwanstudies.org\/en\/wp-json\/wp\/v2\/users\/1"}],"replies":[{"embeddable":true,"href":"http:\/\/etre-tsou.frenchtaiwanstudies.org\/en\/wp-json\/wp\/v2\/comments?post=148"}],"version-history":[{"count":1,"href":"http:\/\/etre-tsou.frenchtaiwanstudies.org\/en\/wp-json\/wp\/v2\/pages\/148\/revisions"}],"predecessor-version":[{"id":182,"href":"http:\/\/etre-tsou.frenchtaiwanstudies.org\/en\/wp-json\/wp\/v2\/pages\/148\/revisions\/182"}],"wp:attachment":[{"href":"http:\/\/etre-tsou.frenchtaiwanstudies.org\/en\/wp-json\/wp\/v2\/media?parent=148"}],"curies":[{"name":"wp","href":"https:\/\/api.w.org\/{rel}","templated":true}]}}